{"id":270,"date":"2020-09-18T16:22:49","date_gmt":"2020-09-18T14:22:49","guid":{"rendered":"https:\/\/bauko.arch.rwth-aachen.de\/galerie\/?page_id=270"},"modified":"2023-05-22T23:32:19","modified_gmt":"2023-05-22T21:32:19","slug":"bildrechte","status":"publish","type":"page","link":"https:\/\/bauko.arch.rwth-aachen.de\/galerie\/bildrechte\/","title":{"rendered":"Bildrechte"},"content":{"rendered":"\n<h4 class=\"wp-block-heading\">Bildrechte<\/h4>\n\n\n\n<p class=\"50\">Alle auf dieser Website ver\u00f6ffentlichten Bilder, Fotos und Pl\u00e4ne sind Eigentum der jeweiligen VerfasserInnen und mit deren Einverst\u00e4ndnis der RWTH Aachen University, vertreten durch den Lehrstuhl Baukonstruktion der Fakult\u00e4t f\u00fcr Architektur, zur Publikation auf dieser Website freigegeben.<\/p>\n\n\n\n<p class=\"50\">Jede weitere Vervielf\u00e4ltigung oder Ver\u00f6ffentlichung des Materials bedarf einer ausdr\u00fccklichen Erlaubnis.<br><\/p>\n\n\n\n<p class=\"50\">Diesbez\u00fcgliche Anfragen k\u00f6nnen Sie richten an: <a rel=\"noreferrer noopener\" href=\"mailto:info@bauko.arch.rwth-aachen.de\" target=\"_blank\">info@bauko.arch.rwth-aachen.de<\/a>.<\/p>\n","protected":false},"excerpt":{"rendered":"","protected":false},"author":1,"featured_media":0,"parent":0,"menu_order":0,"comment_status":"closed","ping_status":"closed","template":"template-fullwidth.php","meta":[],"_links":{"self":[{"href":"https:\/\/bauko.arch.rwth-aachen.de\/galerie\/wp-json\/wp\/v2\/pages\/270"}],"collection":[{"href":"https:\/\/bauko.arch.rwth-aachen.de\/galerie\/wp-json\/wp\/v2\/pages"}],"about":[{"href":"https:\/\/bauko.arch.rwth-aachen.de\/galerie\/wp-json\/wp\/v2\/types\/page"}],"author":[{"embeddable":true,"href":"https:\/\/bauko.arch.rwth-aachen.de\/galerie\/wp-json\/wp\/v2\/users\/1"}],"replies":[{"embeddable":true,"href":"https:\/\/bauko.arch.rwth-aachen.de\/galerie\/wp-json\/wp\/v2\/comments?post=270"}],"version-history":[{"count":25,"href":"https:\/\/bauko.arch.rwth-aachen.de\/galerie\/wp-json\/wp\/v2\/pages\/270\/revisions"}],"predecessor-version":[{"id":5005,"href":"https:\/\/bauko.arch.rwth-aachen.de\/galerie\/wp-json\/wp\/v2\/pages\/270\/revisions\/5005"}],"wp:attachment":[{"href":"https:\/\/bauko.arch.rwth-aachen.de\/galerie\/wp-json\/wp\/v2\/media?parent=270"}],"curies":[{"name":"wp","href":"https:\/\/api.w.org\/{rel}","templated":true}]}}