{"id":2881,"date":"2021-04-10T09:27:41","date_gmt":"2021-04-10T07:27:41","guid":{"rendered":"https:\/\/bauko.arch.rwth-aachen.de\/galerie\/?page_id=2881"},"modified":"2022-10-18T10:32:00","modified_gmt":"2022-10-18T08:32:00","slug":"m3-ws-20-21","status":"publish","type":"page","link":"https:\/\/bauko.arch.rwth-aachen.de\/galerie\/m3-ws-20-21\/","title":{"rendered":"M3 . WS 20\/21 . Masterthesis"},"content":{"rendered":"\n<h1 class=\"wp-block-heading\" style=\"font-size:26px\">M3 . WS 2020\/2021 . Masterthesis<\/h1>\n\n\n\n<h2 class=\"wp-block-heading\">Kinderhospiz Saigon (freies Thema)<\/h2>\n\n\n\n<p>Das Grundst\u00fcck auf dem medizinischen Areal An Nhon Tay im Bau Dung Quartier, Cu Chi, beherbergt verschiedene soziale Einrichtungen, inklusive des Mai Hoa Zentrums &#8211; dem ersten Hospiz f\u00fcr schwer erkrankte HIV\/AIDS Patienten und deren Familien in Vietnam. Direkt neben dem Zentrum befindet sich das Kinderheim Thien Phuoc f\u00fcr behinderte Kinder. Als Erweiterung der medizinischen Versorgung f\u00fcr Kinder der beiden genannten Einrichtungen sieht das Projekt hier ein Kinderhospiz vor, das lebensverk\u00fcrzend erkrankten Kindern ein w\u00fcrdevolles und selbstbestimmtes Leben erm\u00f6glichen und zugleich die Eltern bei der intensiven medizinischen Pflege zu unterst\u00fctzen soll. Es ist ein Ort der Entspannung, des Austausches, der Versorgung und der fachlichen Beratung.<\/p>\n\n\n\n<p>Bei der Analyse st\u00f6\u00dft man immer wieder auf das Wort \u201ein between\u201c (Zwischenraum). Ein Raum im Zwischen wie beispielsweise die Veranda, der Vorraum oder die Nische bringt die M\u00f6glichkeit, sich zur\u00fcckzuziehen, zu reflektieren und die Mentalit\u00e4t besser vorbereiten zu k\u00f6nnen. F\u00fcr die Kinder ist dieser Zwischenraum zudem ein attraktiver Spielort.<\/p>\n\n\n\n<p>Das st\u00e4dtebauliche Streuungsprinzip eines Dorfes vereinzelt das 2.500 m2 gro\u00dfe Programm auf zehn H\u00e4user, die um einen differenzierten gemeinsamen Hof gruppiert sind. Es erzeugt vielf\u00e4llte Zwischenr\u00e4ume. Die Geb\u00e4ude werden von Nord-Ost nach S\u00fcd-West (von Stra\u00dfenseiten zum privaten Gr\u00fcn) in vier Zonen aufgeteilt Verwaltung, \u00f6ffentliche therapeutische, gemeinschaftliche und private Zonen. Die Funktionen der Innenhofzonen werden von den umliegenden H\u00e4usern bestimmt. So wird der Spielplatz von p\u00e4dagogischen R\u00e4umen gefasst und die therapeutische Bewegungsfl\u00e4che wird neben dem medizinischen Bereich angelegt. Nach au\u00dfen bilden die H\u00e4user unterschiedliche Taschenh\u00f6fe, um individuell auf die Umgebung von jeder Seite reagieren zu k\u00f6nnen.<\/p>\n\n\n\n<p>Das Ensemble und die Geb\u00e4udestruktur sind auf den therapeutischen und den klimatischen Bedingungen entwickelt: Jede Hauseinheit erh\u00e4lt einen Blick zum Gr\u00fcn und einen Bezug zum Hof. Die Intensit\u00e4t dieser Bez\u00fcge kann von den Kindern selbst gestimmt werden. Um die k\u00fchlende Querl\u00fcftung zu nutzen, sind die Geb\u00e4ude \u00fcberwiegend Nord-S\u00fcd ausgerichtet und verf\u00fcgen \u00fcber gro\u00dffl\u00e4chige L\u00fcftungsfl\u00e4chen. &nbsp;Die Erschlie\u00dfung erfolgt in der Trockenzeit \u00fcber die ineinanderflie\u00dfenden H\u00f6fe, in der Regenzeit bieten drei massive Sockel und weite Dach\u00fcberst\u00e4nde Schutz vor der Witterung. Das Wasser wird therapeutisch wirksam in Lotusteichen gesammelt und zur Bew\u00e4sserung verwendet.<\/p>\n\n\n\n<figure class=\"wp-block-gallery has-nested-images columns-default is-cropped showfirst wp-block-gallery-1 is-layout-flex\">\n<figure class=\"wp-block-image size-thumbnail is-style-default\"><a href=\"https:\/\/bauko.arch.rwth-aachen.de\/galerie\/wp-content\/uploads\/2021\/05\/M3_WS20-21_Mai_Modell-kor.jpg\"><img decoding=\"async\" width=\"600\" height=\"375\" data-id=\"2937\"  src=\"https:\/\/bauko.arch.rwth-aachen.de\/galerie\/wp-content\/uploads\/2021\/05\/M3_WS20-21_Mai_Modell-kor-600x375.jpg\" alt=\"\" class=\"wp-image-2937\"\/><\/a><figcaption>Thanh Hien Mai<\/figcaption><\/figure>\n\n\n\n<figure class=\"wp-block-image size-thumbnail is-style-default\"><a href=\"https:\/\/bauko.arch.rwth-aachen.de\/galerie\/wp-content\/uploads\/2021\/05\/M3_WS20-21_Mai_Lageplan-kor.jpg\"><img decoding=\"async\" width=\"600\" height=\"375\" data-id=\"2934\"  src=\"https:\/\/bauko.arch.rwth-aachen.de\/galerie\/wp-content\/uploads\/2021\/05\/M3_WS20-21_Mai_Lageplan-kor-600x375.jpg\" alt=\"\" class=\"wp-image-2934\"\/><\/a><figcaption>Lageplan<\/figcaption><\/figure>\n\n\n\n<figure class=\"wp-block-image size-thumbnail is-style-default\"><a href=\"https:\/\/bauko.arch.rwth-aachen.de\/galerie\/wp-content\/uploads\/2021\/05\/M3_WS20-21_Mai_Grundriss-kor.jpg\"><img decoding=\"async\" width=\"600\" height=\"375\" data-id=\"2933\"  src=\"https:\/\/bauko.arch.rwth-aachen.de\/galerie\/wp-content\/uploads\/2021\/05\/M3_WS20-21_Mai_Grundriss-kor-600x375.jpg\" alt=\"\" class=\"wp-image-2933\"\/><\/a><figcaption>Grundriss<\/figcaption><\/figure>\n\n\n\n<figure class=\"wp-block-image size-thumbnail is-style-default\"><a href=\"https:\/\/bauko.arch.rwth-aachen.de\/galerie\/wp-content\/uploads\/2021\/05\/M3_WS20-21_Mai_Perspektive-kor.jpg\"><img decoding=\"async\" width=\"600\" height=\"375\" data-id=\"2938\"  src=\"https:\/\/bauko.arch.rwth-aachen.de\/galerie\/wp-content\/uploads\/2021\/05\/M3_WS20-21_Mai_Perspektive-kor-600x375.jpg\" alt=\"\" class=\"wp-image-2938\"\/><\/a><figcaption>Perspektive<\/figcaption><\/figure>\n\n\n\n<figure class=\"wp-block-image size-thumbnail is-style-default\"><a href=\"https:\/\/bauko.arch.rwth-aachen.de\/galerie\/wp-content\/uploads\/2021\/04\/M3-WS20-21_Mai_Schnitte.jpg\"><img decoding=\"async\" width=\"600\" height=\"375\" data-id=\"2927\"  src=\"https:\/\/bauko.arch.rwth-aachen.de\/galerie\/wp-content\/uploads\/2021\/04\/M3-WS20-21_Mai_Schnitte-600x375.jpg\" alt=\"\" class=\"wp-image-2927\"\/><\/a><figcaption>Schnitte<\/figcaption><\/figure>\n\n\n\n<figure class=\"wp-block-image size-thumbnail is-style-default\"><a href=\"https:\/\/bauko.arch.rwth-aachen.de\/galerie\/wp-content\/uploads\/2021\/04\/M3-WS20-21Mai_Ansichten.jpg\"><img decoding=\"async\" width=\"600\" height=\"375\" data-id=\"2913\"  src=\"https:\/\/bauko.arch.rwth-aachen.de\/galerie\/wp-content\/uploads\/2021\/04\/M3-WS20-21Mai_Ansichten-600x375.jpg\" alt=\"\" class=\"wp-image-2913\"\/><\/a><figcaption>Ansichten<\/figcaption><\/figure>\n\n\n\n<figure class=\"wp-block-image size-thumbnail is-style-default\"><a href=\"https:\/\/bauko.arch.rwth-aachen.de\/galerie\/wp-content\/uploads\/2021\/05\/M3_WS20-21_Mai_Modell-3-kor.jpg\"><img decoding=\"async\" width=\"600\" height=\"375\" data-id=\"2936\"  src=\"https:\/\/bauko.arch.rwth-aachen.de\/galerie\/wp-content\/uploads\/2021\/05\/M3_WS20-21_Mai_Modell-3-kor-600x375.jpg\" alt=\"\" class=\"wp-image-2936\"\/><\/a><figcaption>Modell<\/figcaption><\/figure>\n\n\n\n<figure class=\"wp-block-image size-thumbnail is-style-default\"><a href=\"https:\/\/bauko.arch.rwth-aachen.de\/galerie\/wp-content\/uploads\/2021\/05\/M3_WS20-21_Mai_Modell-2-kor.jpg\"><img decoding=\"async\" width=\"600\" height=\"375\" data-id=\"2935\"  src=\"https:\/\/bauko.arch.rwth-aachen.de\/galerie\/wp-content\/uploads\/2021\/05\/M3_WS20-21_Mai_Modell-2-kor-600x375.jpg\" alt=\"\" class=\"wp-image-2935\"\/><\/a><figcaption>Modell<\/figcaption><\/figure>\n\n\n\n<figure class=\"wp-block-image size-thumbnail is-style-default\"><a href=\"https:\/\/bauko.arch.rwth-aachen.de\/galerie\/wp-content\/uploads\/2021\/04\/M3-WS20-21Mai_Isometrie.jpg\"><img decoding=\"async\" width=\"600\" height=\"375\" data-id=\"2918\"  src=\"https:\/\/bauko.arch.rwth-aachen.de\/galerie\/wp-content\/uploads\/2021\/04\/M3-WS20-21Mai_Isometrie-600x375.jpg\" alt=\"\" class=\"wp-image-2918\"\/><\/a><figcaption>Isometrie<\/figcaption><\/figure>\n\n\n\n<figure class=\"wp-block-image size-thumbnail is-style-default\"><a href=\"https:\/\/bauko.arch.rwth-aachen.de\/galerie\/wp-content\/uploads\/2021\/04\/M3-WS20-21Mai_Schnittperspektive.jpg\"><img decoding=\"async\" width=\"600\" height=\"375\" data-id=\"2925\"  src=\"https:\/\/bauko.arch.rwth-aachen.de\/galerie\/wp-content\/uploads\/2021\/04\/M3-WS20-21Mai_Schnittperspektive-600x375.jpg\" alt=\"\" class=\"wp-image-2925\"\/><\/a><figcaption>Schnittperspektive<\/figcaption><\/figure>\n\n\n\n<figure class=\"wp-block-image size-thumbnail is-style-default\"><a href=\"https:\/\/bauko.arch.rwth-aachen.de\/galerie\/wp-content\/uploads\/2021\/05\/M3-WS20-21Mai_Modellfoto-3.jpg\"><img decoding=\"async\" width=\"600\" height=\"375\" data-id=\"2940\"  src=\"https:\/\/bauko.arch.rwth-aachen.de\/galerie\/wp-content\/uploads\/2021\/05\/M3-WS20-21Mai_Modellfoto-3-600x375.jpg\" alt=\"\" class=\"wp-image-2940\"\/><\/a><figcaption>Modell<\/figcaption><\/figure>\n<\/figure>\n\n\n\n<p>Lehrpersonen:<br>Prof. Hartwig Schneider<br>Prof. Uwe Schr\u00f6der (Raumgestaltung)<br>Michel Kleinbrahm<\/p>\n\n\n\n<h2 class=\"wp-block-heading\">Markthalle K\u00f6ln (gestelltes Thema)<\/h2>\n\n\n\n<p>Zur\u00fcckblickend fanden M\u00e4rkte seit der Antike an witterungsgesch\u00fctzten Orten statt, z.B. in der griechischen Agora, den r\u00f6mischen Basiliken oder in mittelalterlichen Zweckbauten. Die Prachtbauten des Altertums waren nicht als reine M\u00e4rkte konzipiert, sondern auch wichtige Stadtbausteine des gesellschaftlichen Lebens, die zum Informationsaustausch dienten oder Kulturleistungen Raum boten. Die Typologie wurde mit Beginn der Industrialisierung als Bauaufgabe neu definiert und diente der Ern\u00e4hrung einer stark wachsenden Stadtbev\u00f6lkerung. Eine kontinuierliche Steigerung der Umschlagsmengen f\u00fchrte in K\u00f6ln zu Orten, die dem Handel mehr als dem Endverbraucher dienten.<\/p>\n\n\n\n<p>Das Grundst\u00fcck bildet den Auftakt der Via Culturalis im s\u00fcdlichen Domvorfeld und liegt r\u00e4umlich eng verkn\u00fcpft mit der Rheinstadt, dem ehemaligen Marktviertel K\u00f6lns.&nbsp;Heutzutage ist die Nahversorgung der Bev\u00f6lkerung in diesem Stadtteil stark zur\u00fcck gegangen. Um diesen Schwund kleinerer inhabergef\u00fchrter L\u00e4den entgegenzuwirken und auf die Geschichte des Ortes aufmerksam zu machen, soll ein neuer Kulturbaustein sich schl\u00fcssig mit der umliegenden Bebauung verzahnen und die Via Culturalis kompletieren: die Markthalle.&nbsp;Auch die zeitgen\u00f6ssische Markthalle soll durch ein vielschichtiges Nutzungsprofil mehr als ein Markt, ein sozialer Treffpunkt und Kulturort werden, wobei dieses pluralistische Angebot auch die pluralistische Gesellschaft besser aufnehmen k\u00f6nnen soll in der wir heute leben und die K\u00f6ln auszeichnet.&nbsp;<\/p>\n\n\n\n<p>Die zentrale Idee zur Entwicklung des Innenraums ist die Halle selbst, welche durch ihre Abstaffelung in dem mehrgeschossigen Bau maximale Blickbeziehungen und Offenheit aufweisen soll. Hier befindet sich der Markt. In den Kopfseiten werden Sonderfunktionen, Erschlie\u00dfung sowie Logistik untergebracht. Es handelt sich um einen vorgefertigten gerichteten Holzbau, welcher die Vielschichtigkeit an der Via Culturalis mit einer zeitgen\u00f6ssischen Architektur im Sinne des nachhaltigen Bauens bereichern soll [\u2026]<\/p>\n\n\n\n<figure class=\"wp-block-gallery has-nested-images columns-default is-cropped showfirst wp-block-gallery-3 is-layout-flex\">\n<figure class=\"wp-block-image size-thumbnail is-style-default\"><a href=\"https:\/\/bauko.arch.rwth-aachen.de\/galerie\/wp-content\/uploads\/2021\/05\/M3_WS20-21_Isensee_Startbild_kor.jpg\"><img decoding=\"async\" width=\"600\" height=\"375\" data-id=\"2977\"  src=\"https:\/\/bauko.arch.rwth-aachen.de\/galerie\/wp-content\/uploads\/2021\/05\/M3_WS20-21_Isensee_Startbild_kor-600x375.jpg\" alt=\"\" class=\"wp-image-2977\"\/><\/a><figcaption>Conrad Isensee<\/figcaption><\/figure>\n\n\n\n<figure class=\"wp-block-image size-thumbnail is-style-default\"><a href=\"https:\/\/bauko.arch.rwth-aachen.de\/galerie\/wp-content\/uploads\/2021\/05\/M3_WS20-21_Isensee_Schwarzplan-gross_-Lageplan.jpg\"><img decoding=\"async\" width=\"600\" height=\"375\" data-id=\"2961\"  src=\"https:\/\/bauko.arch.rwth-aachen.de\/galerie\/wp-content\/uploads\/2021\/05\/M3_WS20-21_Isensee_Schwarzplan-gross_-Lageplan-600x375.jpg\" alt=\"\" class=\"wp-image-2961\"\/><\/a><figcaption>Schwarzplan\/ Lageplan<\/figcaption><\/figure>\n\n\n\n<figure class=\"wp-block-image size-thumbnail is-style-default\"><a href=\"https:\/\/bauko.arch.rwth-aachen.de\/galerie\/wp-content\/uploads\/2021\/05\/M3_WS20-21_Isensee_Grundriss-EG-Markt.jpg\"><img decoding=\"async\" width=\"600\" height=\"375\" data-id=\"2952\"  src=\"https:\/\/bauko.arch.rwth-aachen.de\/galerie\/wp-content\/uploads\/2021\/05\/M3_WS20-21_Isensee_Grundriss-EG-Markt-600x375.jpg\" alt=\"\" class=\"wp-image-2952\"\/><\/a><figcaption>Grundriss EG (Markt)<\/figcaption><\/figure>\n\n\n\n<figure class=\"wp-block-image size-thumbnail is-style-default\"><a href=\"https:\/\/bauko.arch.rwth-aachen.de\/galerie\/wp-content\/uploads\/2021\/05\/M3_WS20-21_Isensee_Grundriss-EG-Plenum.jpg\"><img decoding=\"async\" width=\"600\" height=\"375\" data-id=\"2953\"  src=\"https:\/\/bauko.arch.rwth-aachen.de\/galerie\/wp-content\/uploads\/2021\/05\/M3_WS20-21_Isensee_Grundriss-EG-Plenum-600x375.jpg\" alt=\"\" class=\"wp-image-2953\"\/><\/a><figcaption>Grundriss EG (Plenum)<\/figcaption><\/figure>\n\n\n\n<figure class=\"wp-block-image size-thumbnail is-style-default\"><a href=\"https:\/\/bauko.arch.rwth-aachen.de\/galerie\/wp-content\/uploads\/2021\/05\/M3_WS20-21_Isensee_Schnittperspektive.jpg\"><img decoding=\"async\" width=\"600\" height=\"375\" data-id=\"2960\"  src=\"https:\/\/bauko.arch.rwth-aachen.de\/galerie\/wp-content\/uploads\/2021\/05\/M3_WS20-21_Isensee_Schnittperspektive-600x375.jpg\" alt=\"\" class=\"wp-image-2960\"\/><\/a><figcaption>Schnittperspektive<\/figcaption><\/figure>\n\n\n\n<figure class=\"wp-block-image size-thumbnail is-style-default\"><a href=\"https:\/\/bauko.arch.rwth-aachen.de\/galerie\/wp-content\/uploads\/2021\/05\/M3_WS20-21_Isensee_Grundriss-1OG-ohneK.jpg\"><img decoding=\"async\" width=\"600\" height=\"375\" data-id=\"2946\"  src=\"https:\/\/bauko.arch.rwth-aachen.de\/galerie\/wp-content\/uploads\/2021\/05\/M3_WS20-21_Isensee_Grundriss-1OG-ohneK-600x375.jpg\" alt=\"\" class=\"wp-image-2946\"\/><\/a><figcaption>Grundriss 1.OG<\/figcaption><\/figure>\n\n\n\n<figure class=\"wp-block-image size-thumbnail is-style-default\"><a href=\"https:\/\/bauko.arch.rwth-aachen.de\/galerie\/wp-content\/uploads\/2021\/05\/M3_WS20-21_Isensee_Grundriss-2OG-ohneK.jpg\"><img decoding=\"async\" width=\"600\" height=\"375\" data-id=\"2948\"  src=\"https:\/\/bauko.arch.rwth-aachen.de\/galerie\/wp-content\/uploads\/2021\/05\/M3_WS20-21_Isensee_Grundriss-2OG-ohneK-600x375.jpg\" alt=\"\" class=\"wp-image-2948\"\/><\/a><figcaption>Grundriss 2.OG<\/figcaption><\/figure>\n\n\n\n<figure class=\"wp-block-image size-thumbnail is-style-default\"><a href=\"https:\/\/bauko.arch.rwth-aachen.de\/galerie\/wp-content\/uploads\/2021\/05\/M3_WS20-21_Isensee_Grundriss-Dach-ohne-K.jpg\"><img decoding=\"async\" width=\"600\" height=\"375\" data-id=\"2950\"  src=\"https:\/\/bauko.arch.rwth-aachen.de\/galerie\/wp-content\/uploads\/2021\/05\/M3_WS20-21_Isensee_Grundriss-Dach-ohne-K-600x375.jpg\" alt=\"\" class=\"wp-image-2950\"\/><\/a><figcaption>Grundriss Dach<\/figcaption><\/figure>\n\n\n\n<figure class=\"wp-block-image size-thumbnail is-style-default\"><a href=\"https:\/\/bauko.arch.rwth-aachen.de\/galerie\/wp-content\/uploads\/2021\/05\/M3_WS20-21_Isensee_Iso-ohne-beige.jpg\"><img decoding=\"async\" width=\"600\" height=\"375\" data-id=\"2954\"  src=\"https:\/\/bauko.arch.rwth-aachen.de\/galerie\/wp-content\/uploads\/2021\/05\/M3_WS20-21_Isensee_Iso-ohne-beige-600x375.jpg\" alt=\"\" class=\"wp-image-2954\"\/><\/a><figcaption>Isometrie<\/figcaption><\/figure>\n\n\n\n<figure class=\"wp-block-image size-thumbnail is-style-default\"><a href=\"https:\/\/bauko.arch.rwth-aachen.de\/galerie\/wp-content\/uploads\/2021\/05\/M3_WS20-21_Isensee_Schnitt.jpg\"><img decoding=\"async\" width=\"600\" height=\"375\" data-id=\"2959\"  src=\"https:\/\/bauko.arch.rwth-aachen.de\/galerie\/wp-content\/uploads\/2021\/05\/M3_WS20-21_Isensee_Schnitt-600x375.jpg\" alt=\"\" class=\"wp-image-2959\"\/><\/a><figcaption>Schnitt<\/figcaption><\/figure>\n\n\n\n<figure class=\"wp-block-image size-thumbnail is-style-default\"><a href=\"https:\/\/bauko.arch.rwth-aachen.de\/galerie\/wp-content\/uploads\/2021\/05\/M3_WS20-21_Isensee_Schnitt-quer.jpg\"><img decoding=\"async\" width=\"600\" height=\"375\" data-id=\"2958\"  src=\"https:\/\/bauko.arch.rwth-aachen.de\/galerie\/wp-content\/uploads\/2021\/05\/M3_WS20-21_Isensee_Schnitt-quer-600x375.jpg\" alt=\"\" class=\"wp-image-2958\"\/><\/a><figcaption>Querschnitt<\/figcaption><\/figure>\n\n\n\n<figure class=\"wp-block-image size-thumbnail is-style-default\"><a href=\"https:\/\/bauko.arch.rwth-aachen.de\/galerie\/wp-content\/uploads\/2021\/05\/M3_WS20-21_Isensee_Perspektive.jpg\"><img decoding=\"async\" width=\"600\" height=\"375\" data-id=\"2957\"  src=\"https:\/\/bauko.arch.rwth-aachen.de\/galerie\/wp-content\/uploads\/2021\/05\/M3_WS20-21_Isensee_Perspektive-600x375.jpg\" alt=\"\" class=\"wp-image-2957\"\/><\/a><figcaption>Perspektive<\/figcaption><\/figure>\n\n\n\n<figure class=\"wp-block-image size-thumbnail is-style-default\"><a href=\"https:\/\/bauko.arch.rwth-aachen.de\/galerie\/wp-content\/uploads\/2021\/05\/M3_WS20-21_Isensee_Ansichten.jpg\"><img decoding=\"async\" width=\"600\" height=\"375\" data-id=\"2944\"  src=\"https:\/\/bauko.arch.rwth-aachen.de\/galerie\/wp-content\/uploads\/2021\/05\/M3_WS20-21_Isensee_Ansichten-600x375.jpg\" alt=\"\" class=\"wp-image-2944\"\/><\/a><figcaption>Ansichten<\/figcaption><\/figure>\n\n\n\n<figure class=\"wp-block-image size-thumbnail is-style-default\"><a href=\"https:\/\/bauko.arch.rwth-aachen.de\/galerie\/wp-content\/uploads\/2021\/05\/M3_WS20-21_Isensee_Perspektive-2.jpg\"><img decoding=\"async\" width=\"600\" height=\"375\" data-id=\"2956\"  src=\"https:\/\/bauko.arch.rwth-aachen.de\/galerie\/wp-content\/uploads\/2021\/05\/M3_WS20-21_Isensee_Perspektive-2-600x375.jpg\" alt=\"\" class=\"wp-image-2956\"\/><\/a><figcaption>Perspektive<\/figcaption><\/figure>\n\n\n\n<figure class=\"wp-block-image size-thumbnail is-style-default\"><a href=\"https:\/\/bauko.arch.rwth-aachen.de\/galerie\/wp-content\/uploads\/2021\/05\/M3_WS20-21_Isensee_Fassadenschnitt_-Schnitt-1.jpg\"><img decoding=\"async\" width=\"600\" height=\"375\" data-id=\"2966\"  src=\"https:\/\/bauko.arch.rwth-aachen.de\/galerie\/wp-content\/uploads\/2021\/05\/M3_WS20-21_Isensee_Fassadenschnitt_-Schnitt-1-600x375.jpg\" alt=\"\" class=\"wp-image-2966\"\/><\/a><figcaption>Fassadenschnitt\/ Schnitt<\/figcaption><\/figure>\n<\/figure>\n\n\n\n<p>Lehrpersonen:<br>Prof. Hartwig Schneider<br>Prof. Thomas Schmitz (K\u00fcnstlerische Gestaltung)<br>Sophie Schulten<\/p>\n","protected":false},"excerpt":{"rendered":"","protected":false},"author":3,"featured_media":0,"parent":0,"menu_order":0,"comment_status":"closed","ping_status":"closed","template":"template-fullwidth.php","meta":[],"_links":{"self":[{"href":"https:\/\/bauko.arch.rwth-aachen.de\/galerie\/wp-json\/wp\/v2\/pages\/2881"}],"collection":[{"href":"https:\/\/bauko.arch.rwth-aachen.de\/galerie\/wp-json\/wp\/v2\/pages"}],"about":[{"href":"https:\/\/bauko.arch.rwth-aachen.de\/galerie\/wp-json\/wp\/v2\/types\/page"}],"author":[{"embeddable":true,"href":"https:\/\/bauko.arch.rwth-aachen.de\/galerie\/wp-json\/wp\/v2\/users\/3"}],"replies":[{"embeddable":true,"href":"https:\/\/bauko.arch.rwth-aachen.de\/galerie\/wp-json\/wp\/v2\/comments?post=2881"}],"version-history":[{"count":31,"href":"https:\/\/bauko.arch.rwth-aachen.de\/galerie\/wp-json\/wp\/v2\/pages\/2881\/revisions"}],"predecessor-version":[{"id":4618,"href":"https:\/\/bauko.arch.rwth-aachen.de\/galerie\/wp-json\/wp\/v2\/pages\/2881\/revisions\/4618"}],"wp:attachment":[{"href":"https:\/\/bauko.arch.rwth-aachen.de\/galerie\/wp-json\/wp\/v2\/media?parent=2881"}],"curies":[{"name":"wp","href":"https:\/\/api.w.org\/{rel}","templated":true}]}}