{"id":5013,"date":"2023-09-05T18:35:06","date_gmt":"2023-09-05T16:35:06","guid":{"rendered":"https:\/\/bauko.arch.rwth-aachen.de\/galerie\/?page_id=5013"},"modified":"2023-10-11T11:54:49","modified_gmt":"2023-10-11T09:54:49","slug":"waschhaus","status":"publish","type":"page","link":"https:\/\/bauko.arch.rwth-aachen.de\/galerie\/waschhaus\/","title":{"rendered":"Waschhaus"},"content":{"rendered":"\n<h1 class=\"wp-block-heading\">Waschhaus<\/h1>\n\n\n\n<p>Baukonstruktion 1b <br>2. Semester SoSe 2021 <\/p>\n\n\n\n<figure class=\"wp-block-image size-medium\"><img decoding=\"async\" width=\"209\" height=\"300\" src=\"https:\/\/bauko.arch.rwth-aachen.de\/galerie\/wp-content\/uploads\/2023\/09\/poster_S22_Lehre2_Waschhaus-209x300.jpg\" alt=\"\" class=\"wp-image-5014\" srcset=\"https:\/\/bauko.arch.rwth-aachen.de\/galerie\/wp-content\/uploads\/2023\/09\/poster_S22_Lehre2_Waschhaus-209x300.jpg 209w, https:\/\/bauko.arch.rwth-aachen.de\/galerie\/wp-content\/uploads\/2023\/09\/poster_S22_Lehre2_Waschhaus-712x1024.jpg 712w, https:\/\/bauko.arch.rwth-aachen.de\/galerie\/wp-content\/uploads\/2023\/09\/poster_S22_Lehre2_Waschhaus-768x1104.jpg 768w, https:\/\/bauko.arch.rwth-aachen.de\/galerie\/wp-content\/uploads\/2023\/09\/poster_S22_Lehre2_Waschhaus.jpg 800w\" sizes=\"(max-width: 209px) 100vw, 209px\" \/><\/figure>\n\n\n\n<p>Der Wohnungsmarkt in den St\u00e4dten ist seit Jahren angespannt, denn bezahlbarer Wohnraum ist rar und zugleich ziehen immer mehr Menschen in die Stadt. Vor diesem Hintergrund werden Wohnkonzepte f\u00fcr ein gemeinschaftliches Wohnen f\u00fcr verschiedene Alters- und Lebensformen wieder attraktiv. Ein in der Hausgemeinschaft typischerweise geteilter Ort ist das Waschhaus. Neben seiner Funktion als Ort des Reinigens und Trocknens von Kleidung, entwickelt er sich vielerorts zum Treffpunkt \u2013 bei einem Kaffee werden hier Neuigkeiten ausgetauscht. Ausgehend von der Idee eines Ortes der Zusammenkunft, wird das Waschhaus in der Entwurfsaufgabe als Nukleus verstanden, an dem nicht nur gewaschen wird, sondern auch weitere gemeinschaftliche Funktionen stattfinden. Hierzu z\u00e4hlen z. B. Versammlungen und Feste in der Hausgemeinschaft, bei denen gekocht, getanzt und besprochen wird.&nbsp;<\/p>\n\n\n\n<p>In dem zu planenden Waschhaus im Hof einer Blockrandbebauung in Aachen sollen zwei Hauptr\u00e4ume mit jeweils ca. 50 m\u00b2 Grundfl\u00e4che angeordnet werden. Der erste Raum dient prim\u00e4r der Aufstellung von insgesamt 12 Waschmaschinen. Der zweite Raum dient vorwiegend dem Aufenthalt. Daf\u00fcr muss er in unterschiedlicher Weise m\u00f6blierbar und mit einer ca. 3 Meter langen K\u00fcchenzeile ausgestattet sein. Um den Raum auch bei k\u00e4lterem Wetter nutzen zu k\u00f6nnen, ist ein Bollerofen mit zugeh\u00f6rigem Kamin einzuplanen. Eine r\u00e4umliche Verbindung der beiden Hauptr\u00e4ume ist denkbar. Erg\u00e4nzt werden die beiden Hauptr\u00e4ume durch dienende R\u00e4ume.&nbsp;&nbsp;Au\u00dferdem ist eine \u00fcberdachte Fl\u00e4che im Au\u00dfenbereich von ebenfalls mindestens 50 m\u00b2 zu planen. Hier kann alltags die W\u00e4sche aufgeh\u00e4ngt und bei Bedarf die Gemeinschaftsnutzung ins Freie verlagert werden. Die Gestaltung der geb\u00e4udenahen Au\u00dfenanlagen (Wege, Pflanzungen etc.) ist entwurfsabh\u00e4ngig und Teil der Aufgabe.<\/p>\n\n\n\n<p>Da das Waschhaus nur kurzzeitig und f\u00fcr vereinzelte Gemeinschaftsveranstaltungen genutzt wird, ist es nicht erforderlich das zu errichtende Geb\u00e4ude nach den Anforderungen der Energieeinsparverordnung zu planen. Das Geb\u00e4ude ist als Mauerwerksbau mit monolithischem Wandaufbau zu errichten, welches sowohl im Innenraum als auch von au\u00dfen als unverputztes Sichtmauerwerk ausgef\u00fchrt werden soll. Die Dachkonstruktion ist als geneigtes Dach auszuf\u00fchren, bei dem das Dachtragwerk unterseitig sichtbar bleibt.&nbsp;&nbsp;&nbsp;<\/p>\n\n\n\n<div style=\"height:50px\" aria-hidden=\"true\" class=\"wp-block-spacer\"><\/div>\n\n\n\n<h2 class=\"wp-block-heading\">Ausgew\u00e4hlte Arbeiten <\/h2>\n\n\n\n<div class=\"wp-block-group is-layout-constrained\"><div class=\"wp-block-group__inner-container\">\n<div class=\"wp-block-columns is-layout-flex wp-container-11\">\n<div class=\"wp-block-column is-layout-flow\">\n<div class=\"wp-block-columns Showfirst is-layout-flex wp-container-4\">\n<div class=\"wp-block-column is-layout-flow\">\n<figure class=\"wp-block-gallery has-nested-images columns-1 is-cropped showfirst wp-block-gallery-1 is-layout-flex\">\n<figure class=\"wp-block-image size-large\"><a href=\"https:\/\/bauko.arch.rwth-aachen.de\/galerie\/wp-content\/uploads\/2023\/09\/Titelbild3-scaled.jpg\"><img decoding=\"async\" width=\"1024\" height=\"724\" src=\"https:\/\/bauko.arch.rwth-aachen.de\/galerie\/wp-content\/uploads\/2023\/09\/Titelbild3-1024x724.jpg\" alt=\"\" class=\"wp-image-5083\" srcset=\"https:\/\/bauko.arch.rwth-aachen.de\/galerie\/wp-content\/uploads\/2023\/09\/Titelbild3-1024x724.jpg 1024w, https:\/\/bauko.arch.rwth-aachen.de\/galerie\/wp-content\/uploads\/2023\/09\/Titelbild3-300x212.jpg 300w, https:\/\/bauko.arch.rwth-aachen.de\/galerie\/wp-content\/uploads\/2023\/09\/Titelbild3-768x543.jpg 768w, https:\/\/bauko.arch.rwth-aachen.de\/galerie\/wp-content\/uploads\/2023\/09\/Titelbild3-1536x1086.jpg 1536w, https:\/\/bauko.arch.rwth-aachen.de\/galerie\/wp-content\/uploads\/2023\/09\/Titelbild3-2048x1448.jpg 2048w, https:\/\/bauko.arch.rwth-aachen.de\/galerie\/wp-content\/uploads\/2023\/09\/Titelbild3-800x566.jpg 800w\" sizes=\"(max-width: 1024px) 100vw, 1024px\" \/><\/a><figcaption class=\"wp-element-caption\">Franziska Kr\u00e4mer &amp; Ranga Velthof<\/figcaption><\/figure>\n\n\n\n<figure class=\"wp-block-image size-large\"><a href=\"https:\/\/bauko.arch.rwth-aachen.de\/galerie\/wp-content\/uploads\/2023\/09\/Kraemer_Velthof-scaled.jpg\"><img decoding=\"async\" width=\"1024\" height=\"724\" src=\"https:\/\/bauko.arch.rwth-aachen.de\/galerie\/wp-content\/uploads\/2023\/09\/Kraemer_Velthof-1024x724.jpg\" alt=\"Lageplan\" class=\"wp-image-5030\" srcset=\"https:\/\/bauko.arch.rwth-aachen.de\/galerie\/wp-content\/uploads\/2023\/09\/Kraemer_Velthof-1024x724.jpg 1024w, https:\/\/bauko.arch.rwth-aachen.de\/galerie\/wp-content\/uploads\/2023\/09\/Kraemer_Velthof-300x212.jpg 300w, https:\/\/bauko.arch.rwth-aachen.de\/galerie\/wp-content\/uploads\/2023\/09\/Kraemer_Velthof-768x543.jpg 768w, https:\/\/bauko.arch.rwth-aachen.de\/galerie\/wp-content\/uploads\/2023\/09\/Kraemer_Velthof-1536x1086.jpg 1536w, https:\/\/bauko.arch.rwth-aachen.de\/galerie\/wp-content\/uploads\/2023\/09\/Kraemer_Velthof-2048x1448.jpg 2048w, https:\/\/bauko.arch.rwth-aachen.de\/galerie\/wp-content\/uploads\/2023\/09\/Kraemer_Velthof-800x566.jpg 800w\" sizes=\"(max-width: 1024px) 100vw, 1024px\" \/><\/a><\/figure>\n\n\n\n<figure class=\"wp-block-image size-large\"><a href=\"https:\/\/bauko.arch.rwth-aachen.de\/galerie\/wp-content\/uploads\/2023\/09\/Kraemer_Velthof2-scaled.jpg\"><img decoding=\"async\" width=\"1024\" height=\"724\" src=\"https:\/\/bauko.arch.rwth-aachen.de\/galerie\/wp-content\/uploads\/2023\/09\/Kraemer_Velthof2-1024x724.jpg\" alt=\"Grundriss\" class=\"wp-image-5031\" srcset=\"https:\/\/bauko.arch.rwth-aachen.de\/galerie\/wp-content\/uploads\/2023\/09\/Kraemer_Velthof2-1024x724.jpg 1024w, https:\/\/bauko.arch.rwth-aachen.de\/galerie\/wp-content\/uploads\/2023\/09\/Kraemer_Velthof2-300x212.jpg 300w, https:\/\/bauko.arch.rwth-aachen.de\/galerie\/wp-content\/uploads\/2023\/09\/Kraemer_Velthof2-768x543.jpg 768w, https:\/\/bauko.arch.rwth-aachen.de\/galerie\/wp-content\/uploads\/2023\/09\/Kraemer_Velthof2-1536x1086.jpg 1536w, https:\/\/bauko.arch.rwth-aachen.de\/galerie\/wp-content\/uploads\/2023\/09\/Kraemer_Velthof2-2048x1448.jpg 2048w, https:\/\/bauko.arch.rwth-aachen.de\/galerie\/wp-content\/uploads\/2023\/09\/Kraemer_Velthof2-800x566.jpg 800w\" sizes=\"(max-width: 1024px) 100vw, 1024px\" \/><\/a><\/figure>\n\n\n\n<figure class=\"wp-block-image size-large\"><a href=\"https:\/\/bauko.arch.rwth-aachen.de\/galerie\/wp-content\/uploads\/2023\/09\/Kraemer_Velthof3-scaled.jpg\"><img decoding=\"async\" width=\"1024\" height=\"724\" src=\"https:\/\/bauko.arch.rwth-aachen.de\/galerie\/wp-content\/uploads\/2023\/09\/Kraemer_Velthof3-1024x724.jpg\" alt=\"Ansichten\" class=\"wp-image-5032\" srcset=\"https:\/\/bauko.arch.rwth-aachen.de\/galerie\/wp-content\/uploads\/2023\/09\/Kraemer_Velthof3-1024x724.jpg 1024w, https:\/\/bauko.arch.rwth-aachen.de\/galerie\/wp-content\/uploads\/2023\/09\/Kraemer_Velthof3-300x212.jpg 300w, https:\/\/bauko.arch.rwth-aachen.de\/galerie\/wp-content\/uploads\/2023\/09\/Kraemer_Velthof3-768x543.jpg 768w, https:\/\/bauko.arch.rwth-aachen.de\/galerie\/wp-content\/uploads\/2023\/09\/Kraemer_Velthof3-1536x1086.jpg 1536w, https:\/\/bauko.arch.rwth-aachen.de\/galerie\/wp-content\/uploads\/2023\/09\/Kraemer_Velthof3-2048x1448.jpg 2048w, https:\/\/bauko.arch.rwth-aachen.de\/galerie\/wp-content\/uploads\/2023\/09\/Kraemer_Velthof3-800x566.jpg 800w\" sizes=\"(max-width: 1024px) 100vw, 1024px\" \/><\/a><\/figure>\n\n\n\n<figure class=\"wp-block-image size-large\"><a href=\"https:\/\/bauko.arch.rwth-aachen.de\/galerie\/wp-content\/uploads\/2023\/09\/Kraemer_Velthof4-scaled.jpg\"><img decoding=\"async\" width=\"1024\" height=\"724\" src=\"https:\/\/bauko.arch.rwth-aachen.de\/galerie\/wp-content\/uploads\/2023\/09\/Kraemer_Velthof4-1024x724.jpg\" alt=\"Schnitte\" class=\"wp-image-5033\" srcset=\"https:\/\/bauko.arch.rwth-aachen.de\/galerie\/wp-content\/uploads\/2023\/09\/Kraemer_Velthof4-1024x724.jpg 1024w, https:\/\/bauko.arch.rwth-aachen.de\/galerie\/wp-content\/uploads\/2023\/09\/Kraemer_Velthof4-300x212.jpg 300w, https:\/\/bauko.arch.rwth-aachen.de\/galerie\/wp-content\/uploads\/2023\/09\/Kraemer_Velthof4-768x543.jpg 768w, https:\/\/bauko.arch.rwth-aachen.de\/galerie\/wp-content\/uploads\/2023\/09\/Kraemer_Velthof4-1536x1086.jpg 1536w, https:\/\/bauko.arch.rwth-aachen.de\/galerie\/wp-content\/uploads\/2023\/09\/Kraemer_Velthof4-2048x1448.jpg 2048w, https:\/\/bauko.arch.rwth-aachen.de\/galerie\/wp-content\/uploads\/2023\/09\/Kraemer_Velthof4-800x566.jpg 800w\" sizes=\"(max-width: 1024px) 100vw, 1024px\" \/><\/a><\/figure>\n\n\n\n<figure class=\"wp-block-image size-large\"><a href=\"https:\/\/bauko.arch.rwth-aachen.de\/galerie\/wp-content\/uploads\/2023\/09\/Kraemer_Velthof6-scaled.jpg\"><img decoding=\"async\" width=\"1024\" height=\"724\" src=\"https:\/\/bauko.arch.rwth-aachen.de\/galerie\/wp-content\/uploads\/2023\/09\/Kraemer_Velthof6-1024x724.jpg\" alt=\"Fassadenschnitt\" class=\"wp-image-5035\" srcset=\"https:\/\/bauko.arch.rwth-aachen.de\/galerie\/wp-content\/uploads\/2023\/09\/Kraemer_Velthof6-1024x724.jpg 1024w, https:\/\/bauko.arch.rwth-aachen.de\/galerie\/wp-content\/uploads\/2023\/09\/Kraemer_Velthof6-300x212.jpg 300w, https:\/\/bauko.arch.rwth-aachen.de\/galerie\/wp-content\/uploads\/2023\/09\/Kraemer_Velthof6-768x543.jpg 768w, https:\/\/bauko.arch.rwth-aachen.de\/galerie\/wp-content\/uploads\/2023\/09\/Kraemer_Velthof6-1536x1086.jpg 1536w, https:\/\/bauko.arch.rwth-aachen.de\/galerie\/wp-content\/uploads\/2023\/09\/Kraemer_Velthof6-2048x1448.jpg 2048w, https:\/\/bauko.arch.rwth-aachen.de\/galerie\/wp-content\/uploads\/2023\/09\/Kraemer_Velthof6-800x566.jpg 800w\" sizes=\"(max-width: 1024px) 100vw, 1024px\" \/><\/a><\/figure>\n<\/figure>\n<\/div>\n<\/div>\n<\/div>\n\n\n\n<div class=\"wp-block-column is-layout-flow\">\n<div class=\"wp-block-columns Showfirst is-layout-flex wp-container-9\">\n<div class=\"wp-block-column is-layout-flow\">\n<figure class=\"wp-block-gallery has-nested-images columns-1 is-cropped showfirst wp-block-gallery-6 is-layout-flex\">\n<figure class=\"wp-block-image size-large\"><a href=\"https:\/\/bauko.arch.rwth-aachen.de\/galerie\/wp-content\/uploads\/2023\/09\/Titelbild2-scaled.jpg\"><img decoding=\"async\" width=\"1024\" height=\"724\" src=\"https:\/\/bauko.arch.rwth-aachen.de\/galerie\/wp-content\/uploads\/2023\/09\/Titelbild2-1024x724.jpg\" alt=\"\" class=\"wp-image-5082\" srcset=\"https:\/\/bauko.arch.rwth-aachen.de\/galerie\/wp-content\/uploads\/2023\/09\/Titelbild2-1024x724.jpg 1024w, https:\/\/bauko.arch.rwth-aachen.de\/galerie\/wp-content\/uploads\/2023\/09\/Titelbild2-300x212.jpg 300w, https:\/\/bauko.arch.rwth-aachen.de\/galerie\/wp-content\/uploads\/2023\/09\/Titelbild2-768x543.jpg 768w, https:\/\/bauko.arch.rwth-aachen.de\/galerie\/wp-content\/uploads\/2023\/09\/Titelbild2-1536x1086.jpg 1536w, https:\/\/bauko.arch.rwth-aachen.de\/galerie\/wp-content\/uploads\/2023\/09\/Titelbild2-2048x1448.jpg 2048w, https:\/\/bauko.arch.rwth-aachen.de\/galerie\/wp-content\/uploads\/2023\/09\/Titelbild2-800x566.jpg 800w\" sizes=\"(max-width: 1024px) 100vw, 1024px\" \/><\/a><figcaption class=\"wp-element-caption\">Kim Hoang &amp; Sophie H\u00fcbsch<\/figcaption><\/figure>\n\n\n\n<figure class=\"wp-block-image size-thumbnail\"><a href=\"https:\/\/bauko.arch.rwth-aachen.de\/galerie\/wp-content\/uploads\/2023\/09\/Hoang_Huebsch-scaled.jpg\"><img decoding=\"async\" width=\"600\" height=\"375\" src=\"https:\/\/bauko.arch.rwth-aachen.de\/galerie\/wp-content\/uploads\/2023\/09\/Hoang_Huebsch-600x375.jpg\" alt=\"\" class=\"wp-image-5023\"\/><\/a><figcaption class=\"wp-element-caption\">Lageplan<\/figcaption><\/figure>\n\n\n\n<figure class=\"wp-block-image size-thumbnail\"><a href=\"https:\/\/bauko.arch.rwth-aachen.de\/galerie\/wp-content\/uploads\/2023\/09\/Hoang_Huebsch2-scaled.jpg\"><img decoding=\"async\" width=\"600\" height=\"375\" src=\"https:\/\/bauko.arch.rwth-aachen.de\/galerie\/wp-content\/uploads\/2023\/09\/Hoang_Huebsch2-600x375.jpg\" alt=\"\" class=\"wp-image-5024\"\/><\/a><figcaption class=\"wp-element-caption\">Grundriss<\/figcaption><\/figure>\n\n\n\n<figure class=\"wp-block-image size-thumbnail\"><a href=\"https:\/\/bauko.arch.rwth-aachen.de\/galerie\/wp-content\/uploads\/2023\/09\/Hoang_Huebsch4-scaled.jpg\"><img decoding=\"async\" width=\"600\" height=\"375\" src=\"https:\/\/bauko.arch.rwth-aachen.de\/galerie\/wp-content\/uploads\/2023\/09\/Hoang_Huebsch4-600x375.jpg\" alt=\"\" class=\"wp-image-5026\"\/><\/a><figcaption class=\"wp-element-caption\">Ansicht &amp; Schnitt<\/figcaption><\/figure>\n\n\n\n<figure class=\"wp-block-image size-thumbnail\"><a href=\"https:\/\/bauko.arch.rwth-aachen.de\/galerie\/wp-content\/uploads\/2023\/09\/Hoang_Huebsch3-scaled.jpg\"><img decoding=\"async\" width=\"600\" height=\"375\" src=\"https:\/\/bauko.arch.rwth-aachen.de\/galerie\/wp-content\/uploads\/2023\/09\/Hoang_Huebsch3-600x375.jpg\" alt=\"\" class=\"wp-image-5025\"\/><\/a><figcaption class=\"wp-element-caption\">Ansicht &amp; Schnitt<\/figcaption><\/figure>\n\n\n\n<figure class=\"wp-block-image size-thumbnail\"><a href=\"https:\/\/bauko.arch.rwth-aachen.de\/galerie\/wp-content\/uploads\/2023\/09\/Hoang_Huebsch7-scaled.jpg\"><img decoding=\"async\" width=\"600\" height=\"375\" src=\"https:\/\/bauko.arch.rwth-aachen.de\/galerie\/wp-content\/uploads\/2023\/09\/Hoang_Huebsch7-600x375.jpg\" alt=\"\" class=\"wp-image-5029\"\/><\/a><figcaption class=\"wp-element-caption\">Fassadenschnitt<\/figcaption><\/figure>\n\n\n\n<figure class=\"wp-block-image size-thumbnail\"><a href=\"https:\/\/bauko.arch.rwth-aachen.de\/galerie\/wp-content\/uploads\/2023\/09\/Hoang_Huebsch6-scaled.jpg\"><img decoding=\"async\" width=\"600\" height=\"375\" src=\"https:\/\/bauko.arch.rwth-aachen.de\/galerie\/wp-content\/uploads\/2023\/09\/Hoang_Huebsch6-600x375.jpg\" alt=\"\" class=\"wp-image-5028\"\/><\/a><figcaption class=\"wp-element-caption\">Isometrie <\/figcaption><\/figure>\n<\/figure>\n<\/div>\n<\/div>\n<\/div>\n<\/div>\n<\/div><\/div>\n\n\n\n<div class=\"wp-block-columns is-layout-flex wp-container-19\">\n<div class=\"wp-block-column is-layout-flow\">\n<div class=\"wp-block-columns is-layout-flex wp-container-16\">\n<div class=\"wp-block-column is-layout-flow\">\n<figure class=\"wp-block-gallery has-nested-images columns-1 is-cropped showfirst wp-block-gallery-13 is-layout-flex\">\n<figure class=\"wp-block-image size-large\"><a href=\"https:\/\/bauko.arch.rwth-aachen.de\/galerie\/wp-content\/uploads\/2023\/09\/Titelbild4-1-scaled.jpg\"><img decoding=\"async\" width=\"1024\" height=\"724\" src=\"https:\/\/bauko.arch.rwth-aachen.de\/galerie\/wp-content\/uploads\/2023\/09\/Titelbild4-1-1024x724.jpg\" alt=\"\" class=\"wp-image-5087\" srcset=\"https:\/\/bauko.arch.rwth-aachen.de\/galerie\/wp-content\/uploads\/2023\/09\/Titelbild4-1-1024x724.jpg 1024w, https:\/\/bauko.arch.rwth-aachen.de\/galerie\/wp-content\/uploads\/2023\/09\/Titelbild4-1-300x212.jpg 300w, https:\/\/bauko.arch.rwth-aachen.de\/galerie\/wp-content\/uploads\/2023\/09\/Titelbild4-1-768x543.jpg 768w, https:\/\/bauko.arch.rwth-aachen.de\/galerie\/wp-content\/uploads\/2023\/09\/Titelbild4-1-1536x1086.jpg 1536w, https:\/\/bauko.arch.rwth-aachen.de\/galerie\/wp-content\/uploads\/2023\/09\/Titelbild4-1-2048x1448.jpg 2048w, https:\/\/bauko.arch.rwth-aachen.de\/galerie\/wp-content\/uploads\/2023\/09\/Titelbild4-1-800x566.jpg 800w\" sizes=\"(max-width: 1024px) 100vw, 1024px\" \/><\/a><figcaption class=\"wp-element-caption\">Paula Angel &amp; Luisa Heinemann<\/figcaption><\/figure>\n\n\n\n<figure class=\"wp-block-image size-thumbnail\"><a href=\"https:\/\/bauko.arch.rwth-aachen.de\/galerie\/wp-content\/uploads\/2023\/09\/Angel-Heinemann-scaled.jpg\"><img decoding=\"async\" width=\"600\" height=\"375\" src=\"https:\/\/bauko.arch.rwth-aachen.de\/galerie\/wp-content\/uploads\/2023\/09\/Angel-Heinemann-600x375.jpg\" alt=\"\" class=\"wp-image-5016\"\/><\/a><figcaption class=\"wp-element-caption\">Lageplan<\/figcaption><\/figure>\n\n\n\n<figure class=\"wp-block-image size-thumbnail\"><a href=\"https:\/\/bauko.arch.rwth-aachen.de\/galerie\/wp-content\/uploads\/2023\/09\/Angel-Heinemann6-scaled.jpg\"><img decoding=\"async\" width=\"600\" height=\"375\" src=\"https:\/\/bauko.arch.rwth-aachen.de\/galerie\/wp-content\/uploads\/2023\/09\/Angel-Heinemann6-600x375.jpg\" alt=\"\" class=\"wp-image-5021\"\/><\/a><figcaption class=\"wp-element-caption\">Isometrie <\/figcaption><\/figure>\n\n\n\n<figure class=\"wp-block-image size-thumbnail\"><a href=\"https:\/\/bauko.arch.rwth-aachen.de\/galerie\/wp-content\/uploads\/2023\/09\/Angel-Heinemann2-scaled.jpg\"><img decoding=\"async\" width=\"600\" height=\"375\" src=\"https:\/\/bauko.arch.rwth-aachen.de\/galerie\/wp-content\/uploads\/2023\/09\/Angel-Heinemann2-600x375.jpg\" alt=\"\" class=\"wp-image-5017\"\/><\/a><figcaption class=\"wp-element-caption\">Grundriss<\/figcaption><\/figure>\n\n\n\n<figure class=\"wp-block-image size-thumbnail\"><a href=\"https:\/\/bauko.arch.rwth-aachen.de\/galerie\/wp-content\/uploads\/2023\/09\/Angel-Heinemann3-scaled.jpg\"><img decoding=\"async\" width=\"600\" height=\"375\" src=\"https:\/\/bauko.arch.rwth-aachen.de\/galerie\/wp-content\/uploads\/2023\/09\/Angel-Heinemann3-600x375.jpg\" alt=\"\" class=\"wp-image-5018\"\/><\/a><figcaption class=\"wp-element-caption\">Ansicht &amp; L\u00e4ngsschnitt<\/figcaption><\/figure>\n\n\n\n<figure class=\"wp-block-image size-thumbnail\"><a href=\"https:\/\/bauko.arch.rwth-aachen.de\/galerie\/wp-content\/uploads\/2023\/09\/Angel-Heinemann4-scaled.jpg\"><img decoding=\"async\" width=\"600\" height=\"375\" src=\"https:\/\/bauko.arch.rwth-aachen.de\/galerie\/wp-content\/uploads\/2023\/09\/Angel-Heinemann4-600x375.jpg\" alt=\"\" class=\"wp-image-5019\"\/><\/a><figcaption class=\"wp-element-caption\">Ansicht &amp; Querschnitt<\/figcaption><\/figure>\n\n\n\n<figure class=\"wp-block-image size-thumbnail\"><a href=\"https:\/\/bauko.arch.rwth-aachen.de\/galerie\/wp-content\/uploads\/2023\/09\/Angel-Heinemann7-scaled.jpg\"><img decoding=\"async\" width=\"600\" height=\"375\" src=\"https:\/\/bauko.arch.rwth-aachen.de\/galerie\/wp-content\/uploads\/2023\/09\/Angel-Heinemann7-600x375.jpg\" alt=\"\" class=\"wp-image-5022\"\/><\/a><figcaption class=\"wp-element-caption\">Fassadenschnitt<\/figcaption><\/figure>\n<\/figure>\n<\/div>\n<\/div>\n<\/div>\n\n\n\n<div class=\"wp-block-column is-layout-flow\"><\/div>\n<\/div>\n\n\n\n<p>Ausstellungskonzept:<br>Prof. Hartwig Schneider, Carolin Harland, Felix Piel<\/p>\n","protected":false},"excerpt":{"rendered":"","protected":false},"author":3,"featured_media":0,"parent":0,"menu_order":0,"comment_status":"closed","ping_status":"closed","template":"template-fullwidth.php","meta":[],"_links":{"self":[{"href":"https:\/\/bauko.arch.rwth-aachen.de\/galerie\/wp-json\/wp\/v2\/pages\/5013"}],"collection":[{"href":"https:\/\/bauko.arch.rwth-aachen.de\/galerie\/wp-json\/wp\/v2\/pages"}],"about":[{"href":"https:\/\/bauko.arch.rwth-aachen.de\/galerie\/wp-json\/wp\/v2\/types\/page"}],"author":[{"embeddable":true,"href":"https:\/\/bauko.arch.rwth-aachen.de\/galerie\/wp-json\/wp\/v2\/users\/3"}],"replies":[{"embeddable":true,"href":"https:\/\/bauko.arch.rwth-aachen.de\/galerie\/wp-json\/wp\/v2\/comments?post=5013"}],"version-history":[{"count":17,"href":"https:\/\/bauko.arch.rwth-aachen.de\/galerie\/wp-json\/wp\/v2\/pages\/5013\/revisions"}],"predecessor-version":[{"id":5114,"href":"https:\/\/bauko.arch.rwth-aachen.de\/galerie\/wp-json\/wp\/v2\/pages\/5013\/revisions\/5114"}],"wp:attachment":[{"href":"https:\/\/bauko.arch.rwth-aachen.de\/galerie\/wp-json\/wp\/v2\/media?parent=5013"}],"curies":[{"name":"wp","href":"https:\/\/api.w.org\/{rel}","templated":true}]}}