{"id":5045,"date":"2023-09-05T18:34:30","date_gmt":"2023-09-05T16:34:30","guid":{"rendered":"https:\/\/bauko.arch.rwth-aachen.de\/galerie\/?page_id=5045"},"modified":"2025-05-15T09:17:18","modified_gmt":"2025-05-15T07:17:18","slug":"herberge","status":"publish","type":"page","link":"https:\/\/bauko.arch.rwth-aachen.de\/galerie\/herberge\/","title":{"rendered":"Herberge"},"content":{"rendered":"\n<h1 class=\"wp-block-heading\">Herberge<\/h1>\n\n\n\n<p>Baukonstruktion 1b <br>2. Semester SoSe 2022 <\/p>\n\n\n\n<figure class=\"wp-block-image size-medium\"><img decoding=\"async\" width=\"209\" height=\"300\" src=\"https:\/\/bauko.arch.rwth-aachen.de\/galerie\/wp-content\/uploads\/2023\/09\/poster_S22_Lehre2_Herberge-209x300.jpg\" alt=\"\" class=\"wp-image-5015\" srcset=\"https:\/\/bauko.arch.rwth-aachen.de\/galerie\/wp-content\/uploads\/2023\/09\/poster_S22_Lehre2_Herberge-209x300.jpg 209w, https:\/\/bauko.arch.rwth-aachen.de\/galerie\/wp-content\/uploads\/2023\/09\/poster_S22_Lehre2_Herberge-712x1024.jpg 712w, https:\/\/bauko.arch.rwth-aachen.de\/galerie\/wp-content\/uploads\/2023\/09\/poster_S22_Lehre2_Herberge-768x1104.jpg 768w, https:\/\/bauko.arch.rwth-aachen.de\/galerie\/wp-content\/uploads\/2023\/09\/poster_S22_Lehre2_Herberge.jpg 800w\" sizes=\"(max-width: 209px) 100vw, 209px\" \/><\/figure>\n\n\n\n<p>Als Rastpunkt f\u00fcr Wallfahrende soll auf einem gegebenen Grundst\u00fcck am Rande einer Anh\u00f6he, vis-\u00e0-vis zur Abtei St. Benediktusberg in Vaals, eine Herberge f\u00fcr 12 Wandernde entstehen. Die Hauptr\u00e4ume sind ein Gemeinschaftsraum und sechs verschiedene Schlafzellen mit einer Gr\u00f6\u00dfe von maximal 10 qm. Die Schlafzellen sind mit einem Stockbett, Stauraum f\u00fcr Gep\u00e4ck und einem Tisch zu planen. Der Gemeinschaftsraum wird mit einem gro\u00dfen Tisch versehen und ist als Aufenthalts- und Speiseraum zu planen. Dieser Gemeinschaftsbereich der Herberge kann ebenfalls von Wanderern, die nicht \u00fcber Nacht bleiben, f\u00fcr eine Pause genutzt werden. Die Herberge ist nicht bewirtschaftet, sondern verf\u00fcgt \u00fcber eine K\u00fcchenzeile f\u00fcr Selbstversorger, welche die Zubereitung von einfachen warmen Speisen und Getr\u00e4nken zul\u00e4sst. Um den Raum auch bei k\u00e4lterem Wetter nutzen zu k\u00f6nnen, ist ein Bollerofen mit zugeh\u00f6rigem Kamin einzuplanen. Zus\u00e4tzlich ist eine \u00fcberdachte Sitzgelegenheit im Au\u00dfenraum gew\u00fcnscht.&nbsp;&nbsp;<\/p>\n\n\n\n<p>Da die Herberge f\u00fcr Wallfahrende nur kurzzeitig und f\u00fcr vereinzelte Gemeinschaftsveranstaltungen genutzt wird, ist es nicht erforderlich das zu errichtende Geb\u00e4ude nach den Anforderungen der Energieeinsparverordnung zu planen. Das Geb\u00e4ude ist als Mauerwerksbau mit monolithischem Wandaufbau aus 36,5 cm starkem Mauerwerk zu errichten, welches sowohl im Innenraum als auch von au\u00dfen als unverputztes Sichtmauerwerk ausgef\u00fchrt werden soll. Die Dachkonstruktion ist als geneigtes Dach auszuf\u00fchren, bei dem das Dachtragwerk unterseitig sichtbar bleibt.&nbsp;&nbsp;&nbsp;<\/p>\n\n\n\n<div style=\"height:50px\" aria-hidden=\"true\" class=\"wp-block-spacer\"><\/div>\n\n\n\n<h2 class=\"wp-block-heading\">Ausgew\u00e4hlte Arbeiten<\/h2>\n\n\n\n<div class=\"wp-block-columns is-layout-flex wp-container-11\">\n<div class=\"wp-block-column is-layout-flow\">\n<div class=\"wp-block-columns is-layout-flex wp-container-4\">\n<div class=\"wp-block-column is-layout-flow\">\n<figure class=\"wp-block-gallery has-nested-images columns-1 is-cropped showfirst wp-block-gallery-1 is-layout-flex\">\n<figure class=\"wp-block-image size-thumbnail\"><a href=\"https:\/\/bauko.arch.rwth-aachen.de\/galerie\/wp-content\/uploads\/2023\/09\/Mishory_Hartmann5-scaled.jpg\"><img decoding=\"async\" width=\"600\" height=\"375\" src=\"https:\/\/bauko.arch.rwth-aachen.de\/galerie\/wp-content\/uploads\/2023\/09\/Mishory_Hartmann5-600x375.jpg\" alt=\"\" class=\"wp-image-5073\"\/><\/a><figcaption class=\"wp-element-caption\">Moriyah Mishory &amp; Christoph Hartmann <\/figcaption><\/figure>\n\n\n\n<figure class=\"wp-block-image size-thumbnail\"><a href=\"https:\/\/bauko.arch.rwth-aachen.de\/galerie\/wp-content\/uploads\/2023\/09\/Mishory_Hartmann-scaled.jpg\"><img decoding=\"async\" width=\"600\" height=\"375\" src=\"https:\/\/bauko.arch.rwth-aachen.de\/galerie\/wp-content\/uploads\/2023\/09\/Mishory_Hartmann-600x375.jpg\" alt=\"\" class=\"wp-image-5069\"\/><\/a><figcaption class=\"wp-element-caption\">Lageplan<\/figcaption><\/figure>\n\n\n\n<figure class=\"wp-block-image size-thumbnail\"><a href=\"https:\/\/bauko.arch.rwth-aachen.de\/galerie\/wp-content\/uploads\/2023\/09\/Mishory_Hartmann2-scaled.jpg\"><img decoding=\"async\" width=\"600\" height=\"375\" src=\"https:\/\/bauko.arch.rwth-aachen.de\/galerie\/wp-content\/uploads\/2023\/09\/Mishory_Hartmann2-600x375.jpg\" alt=\"\" class=\"wp-image-5070\"\/><\/a><figcaption class=\"wp-element-caption\">Grundriss<\/figcaption><\/figure>\n\n\n\n<figure class=\"wp-block-image size-thumbnail\"><a href=\"https:\/\/bauko.arch.rwth-aachen.de\/galerie\/wp-content\/uploads\/2023\/09\/Mishory_Hartmann4-scaled.jpg\"><img decoding=\"async\" width=\"600\" height=\"375\" src=\"https:\/\/bauko.arch.rwth-aachen.de\/galerie\/wp-content\/uploads\/2023\/09\/Mishory_Hartmann4-600x375.jpg\" alt=\"\" class=\"wp-image-5072\"\/><\/a><figcaption class=\"wp-element-caption\">Ansicht &amp; Schnitt<\/figcaption><\/figure>\n\n\n\n<figure class=\"wp-block-image size-thumbnail\"><a href=\"https:\/\/bauko.arch.rwth-aachen.de\/galerie\/wp-content\/uploads\/2023\/09\/Mishory_Hartmann3-scaled.jpg\"><img decoding=\"async\" width=\"600\" height=\"375\" src=\"https:\/\/bauko.arch.rwth-aachen.de\/galerie\/wp-content\/uploads\/2023\/09\/Mishory_Hartmann3-600x375.jpg\" alt=\"\" class=\"wp-image-5071\"\/><\/a><figcaption class=\"wp-element-caption\">L\u00e4ngsschnitt &amp; Ansicht <\/figcaption><\/figure>\n\n\n\n<figure class=\"wp-block-image size-thumbnail\"><a href=\"https:\/\/bauko.arch.rwth-aachen.de\/galerie\/wp-content\/uploads\/2023\/09\/Mishory_Hartmann6-scaled.jpg\"><img decoding=\"async\" width=\"600\" height=\"375\" src=\"https:\/\/bauko.arch.rwth-aachen.de\/galerie\/wp-content\/uploads\/2023\/09\/Mishory_Hartmann6-600x375.jpg\" alt=\"\" class=\"wp-image-5074\"\/><\/a><figcaption class=\"wp-element-caption\">Fassadenschnitt<\/figcaption><\/figure>\n\n\n\n<figure class=\"wp-block-image size-large\"><a href=\"https:\/\/bauko.arch.rwth-aachen.de\/galerie\/wp-content\/uploads\/2023\/09\/Mishory_Hartmann7_Modellbau-scaled.jpg\"><img decoding=\"async\" width=\"1024\" height=\"724\" src=\"https:\/\/bauko.arch.rwth-aachen.de\/galerie\/wp-content\/uploads\/2023\/09\/Mishory_Hartmann7_Modellbau-1024x724.jpg\" alt=\"\" class=\"wp-image-5101\" srcset=\"https:\/\/bauko.arch.rwth-aachen.de\/galerie\/wp-content\/uploads\/2023\/09\/Mishory_Hartmann7_Modellbau-1024x724.jpg 1024w, https:\/\/bauko.arch.rwth-aachen.de\/galerie\/wp-content\/uploads\/2023\/09\/Mishory_Hartmann7_Modellbau-300x212.jpg 300w, https:\/\/bauko.arch.rwth-aachen.de\/galerie\/wp-content\/uploads\/2023\/09\/Mishory_Hartmann7_Modellbau-768x543.jpg 768w, https:\/\/bauko.arch.rwth-aachen.de\/galerie\/wp-content\/uploads\/2023\/09\/Mishory_Hartmann7_Modellbau-1536x1086.jpg 1536w, https:\/\/bauko.arch.rwth-aachen.de\/galerie\/wp-content\/uploads\/2023\/09\/Mishory_Hartmann7_Modellbau-2048x1448.jpg 2048w, https:\/\/bauko.arch.rwth-aachen.de\/galerie\/wp-content\/uploads\/2023\/09\/Mishory_Hartmann7_Modellbau-800x566.jpg 800w\" sizes=\"(max-width: 1024px) 100vw, 1024px\" \/><\/a><figcaption class=\"wp-element-caption\">Modellfoto<\/figcaption><\/figure>\n<\/figure>\n<\/div>\n<\/div>\n<\/div>\n\n\n\n<div class=\"wp-block-column is-layout-flow\">\n<div class=\"wp-block-columns is-layout-flex wp-container-9\">\n<div class=\"wp-block-column is-layout-flow\">\n<figure class=\"wp-block-gallery has-nested-images columns-1 is-cropped showfirst wp-block-gallery-6 is-layout-flex\">\n<figure class=\"wp-block-image size-thumbnail\"><a href=\"https:\/\/bauko.arch.rwth-aachen.de\/galerie\/wp-content\/uploads\/2023\/09\/Friesenhahn_Heitmann_Titelbild-scaled.jpg\"><img decoding=\"async\" width=\"600\" height=\"375\" src=\"https:\/\/bauko.arch.rwth-aachen.de\/galerie\/wp-content\/uploads\/2023\/09\/Friesenhahn_Heitmann_Titelbild-600x375.jpg\" alt=\"\" class=\"wp-image-5098\"\/><\/a><figcaption class=\"wp-element-caption\">Svea Friesenhahn &amp; Wilma Heitmann <\/figcaption><\/figure>\n\n\n\n<figure class=\"wp-block-image size-thumbnail\"><a href=\"https:\/\/bauko.arch.rwth-aachen.de\/galerie\/wp-content\/uploads\/2023\/09\/Friesenhahn_Heitmann-scaled.jpg\"><img decoding=\"async\" width=\"600\" height=\"375\" src=\"https:\/\/bauko.arch.rwth-aachen.de\/galerie\/wp-content\/uploads\/2023\/09\/Friesenhahn_Heitmann-600x375.jpg\" alt=\"\" class=\"wp-image-5062\"\/><\/a><figcaption class=\"wp-element-caption\">Lageplan<\/figcaption><\/figure>\n\n\n\n<figure class=\"wp-block-image size-thumbnail\"><a href=\"https:\/\/bauko.arch.rwth-aachen.de\/galerie\/wp-content\/uploads\/2023\/09\/Friesenhahn_Heitmann2-scaled.jpg\"><img decoding=\"async\" width=\"600\" height=\"375\" src=\"https:\/\/bauko.arch.rwth-aachen.de\/galerie\/wp-content\/uploads\/2023\/09\/Friesenhahn_Heitmann2-600x375.jpg\" alt=\"\" class=\"wp-image-5063\"\/><\/a><figcaption class=\"wp-element-caption\">Grundriss<\/figcaption><\/figure>\n\n\n\n<figure class=\"wp-block-image size-thumbnail\"><a href=\"https:\/\/bauko.arch.rwth-aachen.de\/galerie\/wp-content\/uploads\/2023\/09\/Friesenhahn_Heitmann3-scaled.jpg\"><img decoding=\"async\" width=\"600\" height=\"375\" src=\"https:\/\/bauko.arch.rwth-aachen.de\/galerie\/wp-content\/uploads\/2023\/09\/Friesenhahn_Heitmann3-600x375.jpg\" alt=\"\" class=\"wp-image-5064\"\/><\/a><figcaption class=\"wp-element-caption\">Ansicht &amp; L\u00e4ngsschnitt<\/figcaption><\/figure>\n\n\n\n<figure class=\"wp-block-image size-thumbnail\"><a href=\"https:\/\/bauko.arch.rwth-aachen.de\/galerie\/wp-content\/uploads\/2023\/09\/Friesenhahn_Heitmann4-scaled.jpg\"><img decoding=\"async\" width=\"600\" height=\"375\" src=\"https:\/\/bauko.arch.rwth-aachen.de\/galerie\/wp-content\/uploads\/2023\/09\/Friesenhahn_Heitmann4-600x375.jpg\" alt=\"\" class=\"wp-image-5065\"\/><\/a><figcaption class=\"wp-element-caption\">Ansicht &amp; Querschnitt<\/figcaption><\/figure>\n\n\n\n<figure class=\"wp-block-image size-thumbnail\"><a href=\"https:\/\/bauko.arch.rwth-aachen.de\/galerie\/wp-content\/uploads\/2023\/09\/Friesenhahn_Heitmann6-scaled.jpg\"><img decoding=\"async\" width=\"600\" height=\"375\" src=\"https:\/\/bauko.arch.rwth-aachen.de\/galerie\/wp-content\/uploads\/2023\/09\/Friesenhahn_Heitmann6-600x375.jpg\" alt=\"\" class=\"wp-image-5067\"\/><\/a><figcaption class=\"wp-element-caption\">Fassadenschnitt<\/figcaption><\/figure>\n\n\n\n<figure class=\"wp-block-image size-thumbnail\"><a href=\"https:\/\/bauko.arch.rwth-aachen.de\/galerie\/wp-content\/uploads\/2023\/09\/Friesenhahn_Heitmann7-scaled.jpg\"><img decoding=\"async\" width=\"600\" height=\"375\" src=\"https:\/\/bauko.arch.rwth-aachen.de\/galerie\/wp-content\/uploads\/2023\/09\/Friesenhahn_Heitmann7-600x375.jpg\" alt=\"\" class=\"wp-image-5068\"\/><\/a><figcaption class=\"wp-element-caption\">Modellfoto<\/figcaption><\/figure>\n<\/figure>\n<\/div>\n<\/div>\n<\/div>\n<\/div>\n\n\n\n<div class=\"wp-block-columns is-layout-flex wp-container-22\">\n<div class=\"wp-block-column is-layout-flow\">\n<div class=\"wp-block-columns is-layout-flex wp-container-15\">\n<div class=\"wp-block-column is-layout-flow\">\n<figure class=\"wp-block-gallery has-nested-images columns-1 is-cropped showfirst wp-block-gallery-12 is-layout-flex\">\n<figure class=\"wp-block-image size-thumbnail\"><a href=\"https:\/\/bauko.arch.rwth-aachen.de\/galerie\/wp-content\/uploads\/2023\/09\/Brandlhuber_Cornberg5-scaled.jpg\"><img decoding=\"async\" width=\"600\" height=\"375\" src=\"https:\/\/bauko.arch.rwth-aachen.de\/galerie\/wp-content\/uploads\/2023\/09\/Brandlhuber_Cornberg5-600x375.jpg\" alt=\"\" class=\"wp-image-5052\"\/><\/a><figcaption class=\"wp-element-caption\">Lilith-Marie Brandhuber &amp; Isabella von Cornberg <\/figcaption><\/figure>\n\n\n\n<figure class=\"wp-block-image size-large\"><a href=\"https:\/\/bauko.arch.rwth-aachen.de\/galerie\/wp-content\/uploads\/2023\/09\/Brandlhuber_Cornberg-1-scaled.jpg\"><img decoding=\"async\" width=\"1024\" height=\"724\" src=\"https:\/\/bauko.arch.rwth-aachen.de\/galerie\/wp-content\/uploads\/2023\/09\/Brandlhuber_Cornberg-1-1024x724.jpg\" alt=\"\" class=\"wp-image-5095\" srcset=\"https:\/\/bauko.arch.rwth-aachen.de\/galerie\/wp-content\/uploads\/2023\/09\/Brandlhuber_Cornberg-1-1024x724.jpg 1024w, https:\/\/bauko.arch.rwth-aachen.de\/galerie\/wp-content\/uploads\/2023\/09\/Brandlhuber_Cornberg-1-300x212.jpg 300w, https:\/\/bauko.arch.rwth-aachen.de\/galerie\/wp-content\/uploads\/2023\/09\/Brandlhuber_Cornberg-1-768x543.jpg 768w, https:\/\/bauko.arch.rwth-aachen.de\/galerie\/wp-content\/uploads\/2023\/09\/Brandlhuber_Cornberg-1-1536x1086.jpg 1536w, https:\/\/bauko.arch.rwth-aachen.de\/galerie\/wp-content\/uploads\/2023\/09\/Brandlhuber_Cornberg-1-2048x1448.jpg 2048w, https:\/\/bauko.arch.rwth-aachen.de\/galerie\/wp-content\/uploads\/2023\/09\/Brandlhuber_Cornberg-1-800x566.jpg 800w\" sizes=\"(max-width: 1024px) 100vw, 1024px\" \/><\/a><figcaption class=\"wp-element-caption\">Lageplan<\/figcaption><\/figure>\n\n\n\n<figure class=\"wp-block-image size-large\"><a href=\"https:\/\/bauko.arch.rwth-aachen.de\/galerie\/wp-content\/uploads\/2023\/09\/Brandlhuber_Cornberg2-1-scaled.jpg\"><img decoding=\"async\" width=\"1024\" height=\"724\" src=\"https:\/\/bauko.arch.rwth-aachen.de\/galerie\/wp-content\/uploads\/2023\/09\/Brandlhuber_Cornberg2-1-1024x724.jpg\" alt=\"\" class=\"wp-image-5096\" srcset=\"https:\/\/bauko.arch.rwth-aachen.de\/galerie\/wp-content\/uploads\/2023\/09\/Brandlhuber_Cornberg2-1-1024x724.jpg 1024w, https:\/\/bauko.arch.rwth-aachen.de\/galerie\/wp-content\/uploads\/2023\/09\/Brandlhuber_Cornberg2-1-300x212.jpg 300w, https:\/\/bauko.arch.rwth-aachen.de\/galerie\/wp-content\/uploads\/2023\/09\/Brandlhuber_Cornberg2-1-768x543.jpg 768w, https:\/\/bauko.arch.rwth-aachen.de\/galerie\/wp-content\/uploads\/2023\/09\/Brandlhuber_Cornberg2-1-1536x1086.jpg 1536w, https:\/\/bauko.arch.rwth-aachen.de\/galerie\/wp-content\/uploads\/2023\/09\/Brandlhuber_Cornberg2-1-2048x1448.jpg 2048w, https:\/\/bauko.arch.rwth-aachen.de\/galerie\/wp-content\/uploads\/2023\/09\/Brandlhuber_Cornberg2-1-800x566.jpg 800w\" sizes=\"(max-width: 1024px) 100vw, 1024px\" \/><\/a><figcaption class=\"wp-element-caption\">Grundriss<\/figcaption><\/figure>\n\n\n\n<figure class=\"wp-block-image size-thumbnail\"><a href=\"https:\/\/bauko.arch.rwth-aachen.de\/galerie\/wp-content\/uploads\/2023\/09\/Brandlhuber_Cornberg4-scaled.jpg\"><img decoding=\"async\" width=\"600\" height=\"375\" src=\"https:\/\/bauko.arch.rwth-aachen.de\/galerie\/wp-content\/uploads\/2023\/09\/Brandlhuber_Cornberg4-600x375.jpg\" alt=\"\" class=\"wp-image-5051\"\/><\/a><figcaption class=\"wp-element-caption\">Ansicht &amp; Querschnitt<\/figcaption><\/figure>\n\n\n\n<figure class=\"wp-block-image size-thumbnail\"><a href=\"https:\/\/bauko.arch.rwth-aachen.de\/galerie\/wp-content\/uploads\/2023\/09\/Brandlhuber_Cornberg3-scaled.jpg\"><img decoding=\"async\" width=\"600\" height=\"375\" src=\"https:\/\/bauko.arch.rwth-aachen.de\/galerie\/wp-content\/uploads\/2023\/09\/Brandlhuber_Cornberg3-600x375.jpg\" alt=\"\" class=\"wp-image-5050\"\/><\/a><figcaption class=\"wp-element-caption\">Ansicht &amp; L\u00e4ngsschnitt <\/figcaption><\/figure>\n\n\n\n<figure class=\"wp-block-image size-thumbnail\"><a href=\"https:\/\/bauko.arch.rwth-aachen.de\/galerie\/wp-content\/uploads\/2023\/09\/Brandlhuber_Cornberg6-scaled.jpg\"><img decoding=\"async\" width=\"600\" height=\"375\" src=\"https:\/\/bauko.arch.rwth-aachen.de\/galerie\/wp-content\/uploads\/2023\/09\/Brandlhuber_Cornberg6-600x375.jpg\" alt=\"\" class=\"wp-image-5053\"\/><\/a><figcaption class=\"wp-element-caption\">Fassadenschnitt<\/figcaption><\/figure>\n\n\n\n<figure class=\"wp-block-image size-thumbnail\"><a href=\"https:\/\/bauko.arch.rwth-aachen.de\/galerie\/wp-content\/uploads\/2023\/09\/Brandlhuber_Cornberg7-scaled.jpg\"><img decoding=\"async\" width=\"600\" height=\"375\" src=\"https:\/\/bauko.arch.rwth-aachen.de\/galerie\/wp-content\/uploads\/2023\/09\/Brandlhuber_Cornberg7-600x375.jpg\" alt=\"\" class=\"wp-image-5054\"\/><\/a><figcaption class=\"wp-element-caption\">Modellfoto<\/figcaption><\/figure>\n<\/figure>\n<\/div>\n<\/div>\n<\/div>\n\n\n\n<div class=\"wp-block-column is-layout-flow\">\n<div class=\"wp-block-columns is-layout-flex wp-container-20\">\n<div class=\"wp-block-column is-layout-flow\">\n<figure class=\"wp-block-gallery has-nested-images columns-1 is-cropped showfirst wp-block-gallery-17 is-layout-flex\">\n<figure class=\"wp-block-image size-thumbnail\"><a href=\"https:\/\/bauko.arch.rwth-aachen.de\/galerie\/wp-content\/uploads\/2023\/09\/Ecke_Hoff_Titelbild-scaled.jpg\"><img decoding=\"async\" width=\"600\" height=\"375\" src=\"https:\/\/bauko.arch.rwth-aachen.de\/galerie\/wp-content\/uploads\/2023\/09\/Ecke_Hoff_Titelbild-600x375.jpg\" alt=\"\" class=\"wp-image-5091\"\/><\/a><figcaption class=\"wp-element-caption\">Anton Ecke &amp; Hanna Hoff <\/figcaption><\/figure>\n\n\n\n<figure class=\"wp-block-image size-large\"><a href=\"https:\/\/bauko.arch.rwth-aachen.de\/galerie\/wp-content\/uploads\/2023\/09\/Ecke_Hoff-1-scaled.jpg\"><img decoding=\"async\" width=\"1024\" height=\"724\" src=\"https:\/\/bauko.arch.rwth-aachen.de\/galerie\/wp-content\/uploads\/2023\/09\/Ecke_Hoff-1-1024x724.jpg\" alt=\"\" class=\"wp-image-5093\" srcset=\"https:\/\/bauko.arch.rwth-aachen.de\/galerie\/wp-content\/uploads\/2023\/09\/Ecke_Hoff-1-1024x724.jpg 1024w, https:\/\/bauko.arch.rwth-aachen.de\/galerie\/wp-content\/uploads\/2023\/09\/Ecke_Hoff-1-300x212.jpg 300w, https:\/\/bauko.arch.rwth-aachen.de\/galerie\/wp-content\/uploads\/2023\/09\/Ecke_Hoff-1-768x543.jpg 768w, https:\/\/bauko.arch.rwth-aachen.de\/galerie\/wp-content\/uploads\/2023\/09\/Ecke_Hoff-1-1536x1086.jpg 1536w, https:\/\/bauko.arch.rwth-aachen.de\/galerie\/wp-content\/uploads\/2023\/09\/Ecke_Hoff-1-2048x1448.jpg 2048w, https:\/\/bauko.arch.rwth-aachen.de\/galerie\/wp-content\/uploads\/2023\/09\/Ecke_Hoff-1-800x566.jpg 800w\" sizes=\"(max-width: 1024px) 100vw, 1024px\" \/><\/a><figcaption class=\"wp-element-caption\">Lageplan<\/figcaption><\/figure>\n\n\n\n<figure class=\"wp-block-image size-thumbnail\"><a href=\"https:\/\/bauko.arch.rwth-aachen.de\/galerie\/wp-content\/uploads\/2023\/09\/Ecke_Hoff2-scaled.jpg\"><img decoding=\"async\" width=\"600\" height=\"375\" src=\"https:\/\/bauko.arch.rwth-aachen.de\/galerie\/wp-content\/uploads\/2023\/09\/Ecke_Hoff2-600x375.jpg\" alt=\"\" class=\"wp-image-5056\"\/><\/a><figcaption class=\"wp-element-caption\">Grundriss<\/figcaption><\/figure>\n\n\n\n<figure class=\"wp-block-image size-thumbnail\"><a href=\"https:\/\/bauko.arch.rwth-aachen.de\/galerie\/wp-content\/uploads\/2023\/09\/Ecke_Hoff3-scaled.jpg\"><img decoding=\"async\" width=\"600\" height=\"375\" src=\"https:\/\/bauko.arch.rwth-aachen.de\/galerie\/wp-content\/uploads\/2023\/09\/Ecke_Hoff3-600x375.jpg\" alt=\"\" class=\"wp-image-5057\"\/><\/a><figcaption class=\"wp-element-caption\">Ansicht &amp; Schnitt <\/figcaption><\/figure>\n\n\n\n<figure class=\"wp-block-image size-thumbnail\"><a href=\"https:\/\/bauko.arch.rwth-aachen.de\/galerie\/wp-content\/uploads\/2023\/09\/Ecke_Hoff5-scaled.jpg\"><img decoding=\"async\" width=\"600\" height=\"375\" src=\"https:\/\/bauko.arch.rwth-aachen.de\/galerie\/wp-content\/uploads\/2023\/09\/Ecke_Hoff5-600x375.jpg\" alt=\"\" class=\"wp-image-5059\"\/><\/a><figcaption class=\"wp-element-caption\">Schnittperspektive<\/figcaption><\/figure>\n\n\n\n<figure class=\"wp-block-image size-thumbnail\"><a href=\"https:\/\/bauko.arch.rwth-aachen.de\/galerie\/wp-content\/uploads\/2023\/09\/Ecke_Hoff4-scaled.jpg\"><img decoding=\"async\" width=\"600\" height=\"375\" src=\"https:\/\/bauko.arch.rwth-aachen.de\/galerie\/wp-content\/uploads\/2023\/09\/Ecke_Hoff4-600x375.jpg\" alt=\"\" class=\"wp-image-5058\"\/><\/a><figcaption class=\"wp-element-caption\">Ansicht &amp; Schnitt<\/figcaption><\/figure>\n\n\n\n<figure class=\"wp-block-image size-thumbnail\"><a href=\"https:\/\/bauko.arch.rwth-aachen.de\/galerie\/wp-content\/uploads\/2023\/09\/Ecke_Hoff6-scaled.jpg\"><img decoding=\"async\" width=\"600\" height=\"375\" src=\"https:\/\/bauko.arch.rwth-aachen.de\/galerie\/wp-content\/uploads\/2023\/09\/Ecke_Hoff6-600x375.jpg\" alt=\"\" class=\"wp-image-5060\"\/><\/a><figcaption class=\"wp-element-caption\">Fassadenschnitt <\/figcaption><\/figure>\n\n\n\n<figure class=\"wp-block-image size-thumbnail\"><a href=\"https:\/\/bauko.arch.rwth-aachen.de\/galerie\/wp-content\/uploads\/2023\/09\/Ecke_Hoff7-scaled.jpg\"><img decoding=\"async\" width=\"600\" height=\"375\" src=\"https:\/\/bauko.arch.rwth-aachen.de\/galerie\/wp-content\/uploads\/2023\/09\/Ecke_Hoff7-600x375.jpg\" alt=\"\" class=\"wp-image-5061\"\/><\/a><figcaption class=\"wp-element-caption\">Modellfoto<\/figcaption><\/figure>\n<\/figure>\n<\/div>\n<\/div>\n<\/div>\n<\/div>\n\n\n\n<p>Ausstellungskonzept:<br>Prof. Hartwig Schneider, Carolin Harland, Felix Piel<\/p>\n","protected":false},"excerpt":{"rendered":"","protected":false},"author":3,"featured_media":0,"parent":0,"menu_order":0,"comment_status":"closed","ping_status":"closed","template":"template-fullwidth.php","meta":[],"_links":{"self":[{"href":"https:\/\/bauko.arch.rwth-aachen.de\/galerie\/wp-json\/wp\/v2\/pages\/5045"}],"collection":[{"href":"https:\/\/bauko.arch.rwth-aachen.de\/galerie\/wp-json\/wp\/v2\/pages"}],"about":[{"href":"https:\/\/bauko.arch.rwth-aachen.de\/galerie\/wp-json\/wp\/v2\/types\/page"}],"author":[{"embeddable":true,"href":"https:\/\/bauko.arch.rwth-aachen.de\/galerie\/wp-json\/wp\/v2\/users\/3"}],"replies":[{"embeddable":true,"href":"https:\/\/bauko.arch.rwth-aachen.de\/galerie\/wp-json\/wp\/v2\/comments?post=5045"}],"version-history":[{"count":14,"href":"https:\/\/bauko.arch.rwth-aachen.de\/galerie\/wp-json\/wp\/v2\/pages\/5045\/revisions"}],"predecessor-version":[{"id":5874,"href":"https:\/\/bauko.arch.rwth-aachen.de\/galerie\/wp-json\/wp\/v2\/pages\/5045\/revisions\/5874"}],"wp:attachment":[{"href":"https:\/\/bauko.arch.rwth-aachen.de\/galerie\/wp-json\/wp\/v2\/media?parent=5045"}],"curies":[{"name":"wp","href":"https:\/\/api.w.org\/{rel}","templated":true}]}}